{"id":533,"date":"2017-04-27T11:09:02","date_gmt":"2017-04-27T11:09:02","guid":{"rendered":"http:\/\/www.pharmetiquelabs.com\/pagina-defecto-2\/"},"modified":"2017-04-27T11:09:02","modified_gmt":"2017-04-27T11:09:02","slug":"pagina-defecto-2","status":"publish","type":"page","link":"http:\/\/www.pharmetiquelabs.com\/en\/pagina-defecto-2\/","title":{"rendered":"P\u00e1gina defecto 2"},"content":{"rendered":"<h2>Un t\u00edtulo por ah\u00ed.<\/h2>\n<p>&nbsp;<\/p>\n<p>Lorem ipsum dolor sit amet, consectetur adipiscing elit. Nullam interdum ante justo, nec varius ligula imperdiet vitae. Nulla quis arcu laoreet, tristique massa id, viverra nibh. Vivamus lobortis ante eget tellus pharetra, vel semper nisi lobortis. Lorem ipsum dolor sit amet, consectetur adipiscing elit. Praesent eget mauris vulputate, mollis dui sit amet, pellentesque eros. Pellentesque habitant morbi tristique senectus et netus et malesuada fames ac turpis egestas. Ut eget fermentum ex. Nulla mauris enim, mattis at varius vel, ultricies gravida nibh. Mauris eget tincidunt felis. Donec luctus mollis tincidunt. Morbi eu maximus augue. Proin iaculis bibendum elit et pellentesque. Proin semper, mi eu volutpat varius, lorem lorem fermentum est, a scelerisque sem risus a est. Donec luctus, risus eget mattis eleifend, felis lectus porttitor nisl, eu bibendum quam justo sit amet justo. Maecenas placerat nisl at pretium aliquet. Pellentesque aliquet pellentesque rutrum.<\/p>\n<p>Morbi pulvinar feugiat nulla sit amet finibus. Donec orci arcu, varius a faucibus in, aliquet non massa. Nulla nibh urna, consectetur nec condimentum in, condimentum ut risus. Quisque in sapien lectus. Cras suscipit vulputate urna, vitae hendrerit eros eleifend et. Ut ultrices pellentesque lectus, a dictum nisl aliquam sed. Donec vitae ligula sed enim bibendum elementum id sit amet orci. In mauris ipsum, imperdiet vel commodo non, posuere eget ipsum. Sed pretium quam eget sapien auctor, non viverra velit faucibus. Suspendisse potenti. Quisque pharetra euismod nisl nec egestas. Pellentesque tempus eros et augue rhoncus suscipit. Maecenas ligula enim, consequat non mi non, viverra fringilla urna. Aenean dui arcu, luctus eu enim eu, varius sagittis ipsum. Pellentesque quis metus vitae enim fringilla tincidunt.<\/p>\n<p>Aenean purus neque, efficitur id laoreet sit amet, tincidunt dictum nisi. Morbi efficitur rutrum lacus ut tincidunt. Fusce feugiat odio sit amet dictum dictum. Mauris orci dolor, elementum eu scelerisque sit amet, faucibus quis magna. Vivamus blandit ut risus sit amet molestie. Aliquam congue lacus in posuere tempor. Nullam porta massa venenatis, iaculis lorem non, pulvinar dui. Nullam mi ex, facilisis id rhoncus quis, fermentum dignissim ante. Nullam rhoncus, quam eget pretium ultrices, nibh est sagittis felis, dapibus luctus nulla lectus eget mi. Maecenas congue nisl ut lorem mollis, nec sagittis neque ornare. In a orci ac tellus convallis feugiat. Nam vehicula libero erat, lobortis suscipit elit tincidunt vitae. Morbi consequat nibh nec lectus consectetur ornare. Ut sed odio imperdiet, tincidunt orci et, dignissim nunc. Nulla efficitur porta justo fermentum dapibus. Aliquam erat volutpat.<\/p>\n","protected":false},"excerpt":{"rendered":"<p>Un t\u00edtulo por ah\u00ed. &nbsp; Lorem ipsum dolor sit amet, consectetur adipiscing elit. Nullam interdum ante justo, nec varius ligula imperdiet vitae. Nulla quis arcu laoreet, tristique massa id, viverra nibh. Vivamus lobortis ante eget tellus pharetra, vel semper nisi lobortis. Lorem ipsum dolor sit amet, consectetur adipiscing elit. Praesent eget mauris vulputate, mollis dui&nbsp; <a href=\"http:\/\/www.pharmetiquelabs.com\/en\/pagina-defecto-2\/\">&hellip; Read more <i class=\"glyphicon glyphicon-arrow-right\"><\/i><\/a><\/p>\n","protected":false},"author":1,"featured_media":0,"parent":0,"menu_order":0,"comment_status":"closed","ping_status":"closed","template":"","meta":[],"_links":{"self":[{"href":"http:\/\/www.pharmetiquelabs.com\/en\/wp-json\/wp\/v2\/pages\/533"}],"collection":[{"href":"http:\/\/www.pharmetiquelabs.com\/en\/wp-json\/wp\/v2\/pages"}],"about":[{"href":"http:\/\/www.pharmetiquelabs.com\/en\/wp-json\/wp\/v2\/types\/page"}],"author":[{"embeddable":true,"href":"http:\/\/www.pharmetiquelabs.com\/en\/wp-json\/wp\/v2\/users\/1"}],"replies":[{"embeddable":true,"href":"http:\/\/www.pharmetiquelabs.com\/en\/wp-json\/wp\/v2\/comments?post=533"}],"version-history":[{"count":0,"href":"http:\/\/www.pharmetiquelabs.com\/en\/wp-json\/wp\/v2\/pages\/533\/revisions"}],"wp:attachment":[{"href":"http:\/\/www.pharmetiquelabs.com\/en\/wp-json\/wp\/v2\/media?parent=533"}],"curies":[{"name":"wp","href":"https:\/\/api.w.org\/{rel}","templated":true}]}}